{"id":260,"date":"2017-10-26T13:57:55","date_gmt":"2017-10-26T13:57:55","guid":{"rendered":"http:\/\/bridge99.qodeinteractive.com\/?page_id=260"},"modified":"2023-01-02T12:04:36","modified_gmt":"2023-01-02T12:04:36","slug":"process","status":"publish","type":"page","link":"https:\/\/pp-legal.com\/?page_id=260","title":{"rendered":"Profil"},"content":{"rendered":"<p>[vc_row css_animation=&#8221;&#8221; row_type=&#8221;row&#8221; use_row_as_full_screen_section=&#8221;no&#8221; type=&#8221;grid&#8221; angled_section=&#8221;no&#8221; text_align=&#8221;left&#8221; background_image_as_pattern=&#8221;without_pattern&#8221; css=&#8221;.vc_custom_1509028930887{padding-top: 120px !important;padding-bottom: 90px !important;background-color: #ffffff !important;}&#8221;][vc_column][qode_elements_holder number_of_columns=&#8221;two_columns&#8221; switch_to_one_column=&#8221;1000&#8243;][qode_elements_holder_item item_padding=&#8221;0 25px 0 0&#8243; advanced_animations=&#8221;no&#8221;][vc_single_image image=&#8221;1013&#8243; img_size=&#8221;500&#215;650&#8243; qode_css_animation=&#8221;&#8221;][\/qode_elements_holder_item][qode_elements_holder_item item_padding=&#8221;0 0 100px 25px&#8221; advanced_animations=&#8221;no&#8221; item_padding_1280_1440=&#8221;0 0 70px 25px&#8221; item_padding_1024_1280=&#8221;0 0 15px 25px&#8221; item_padding_600_768=&#8221;40px 0px 0px 0px&#8221; item_padding_480=&#8221;40px 0px 0px 0px&#8221;][vc_empty_space][vc_empty_space][vc_column_text]<\/p>\n<h1 style=\"text-align: center;\">PP &#8211; Legal<\/h1>\n<h2 style=\"text-align: center;\">Rechtsanwalt Pavlos Polychronidis<\/h2>\n<p>[\/vc_column_text][vc_empty_space height=&#8221;14px&#8221;][vc_empty_space height=&#8221;14px&#8221;][vc_column_text]In Deutschland geboren und eingeschult. Abitur in Griechenland. Studium in K\u00f6ln und Madrid und Referendariat in K\u00f6ln, Paraguay und den USA.<\/p>\n<p>Mit der europ\u00e4ischen Idee im Herzen, einer gesunden Prise Neugier und Selbstbewusstsein auf dem Weg die Welt zu erkunden und zu erobern.[\/vc_column_text][vc_empty_space height=&#8221;35px&#8221;][vc_empty_space height=&#8221;35px&#8221;]\n\n\t<a href=\"http:\/\/pp-legal.com\/?page_id=865\" target=\"_self\" style=\"color: #ffffff;background-color: #35c7c9;font-size: 13px;font-weight: 600;margin: 0 0 0 0\" class=\"qode-btn qode-btn-medium qode-btn-solid qode-btn-custom-hover-color qode-btn-icon qodef-btn-icon-square qode-btn-icon-rotate\" data-hover-color=\"#ffffff\" >\n\t    <span class=\"qode-btn-text\">Steckbrief <\/span><span class=\"qode-button-v2-icon-holder\" style=\"font-size: 19px;border-color: #35c7c9;background-color: #3fd8da\" ><span aria-hidden=\"true\" class=\"qode_icon_font_elegant icon_plus qode-button-v2-icon-holder-inner\" ><\/span><\/span>\t<\/a>\n\n\n\n\t<a href=\"http:\/\/pp-legal.com\/?page_id=873\" target=\"_self\" style=\"color: #ffffff;background-color: #35c7c9;font-size: 13px;font-weight: 600;margin: 0 0 0 0\" class=\"qode-btn qode-btn-medium qode-btn-solid qode-btn-custom-hover-color qode-btn-icon qodef-btn-icon-square qode-btn-icon-rotate\" data-hover-color=\"#ffffff\" >\n\t    <span class=\"qode-btn-text\">\u0392\u03b9\u03bf\u03b3\u03c1\u03b1\u03c6\u03b9\u03ba\u03cc \u03a3\u03b7\u03bc\u03b5\u03af\u03c9\u03bc\u03b1<\/span><span class=\"qode-button-v2-icon-holder\" style=\"font-size: 19px;border-color: #35c7c9;background-color: #3fd8da\" ><span aria-hidden=\"true\" class=\"qode_icon_font_elegant icon_plus qode-button-v2-icon-holder-inner\" ><\/span><\/span>\t<\/a>\n\n[\/qode_elements_holder_item][\/qode_elements_holder][\/vc_column][\/vc_row][vc_row css_animation=&#8221;&#8221; row_type=&#8221;row&#8221; use_row_as_full_screen_section=&#8221;no&#8221; type=&#8221;grid&#8221; angled_section=&#8221;no&#8221; text_align=&#8221;left&#8221; background_image_as_pattern=&#8221;without_pattern&#8221; css=&#8221;.vc_custom_1509028985041{padding-bottom: 120px !important;background-color: #ffffff !important;}&#8221;][vc_column][qode_elements_holder number_of_columns=&#8221;two_columns&#8221; switch_to_one_column=&#8221;1000&#8243;][qode_elements_holder_item item_padding=&#8221;0 25px 100px 0px&#8221; advanced_animations=&#8221;no&#8221; item_padding_1280_1440=&#8221;0 25px 75px 0px&#8221; item_padding_1024_1280=&#8221;0 25px 15px 0px&#8221; item_padding_600_768=&#8221;40px 0px 0px 0px&#8221;][vc_empty_space height=&#8221;14px&#8221;][vc_empty_space height=&#8221;27px&#8221;][vc_empty_space height=&#8221;27px&#8221;][vc_empty_space height=&#8221;27px&#8221;][vc_column_text]<\/p>\n<h2>Meine Philosophie<\/h2>\n<p>[\/vc_column_text][vc_empty_space height=&#8221;14px&#8221;][vc_empty_space height=&#8221;14px&#8221;][vc_empty_space height=&#8221;27px&#8221;][vc_column_text]<\/p>\n<h3>,,Verst\u00e4ndigung setzt mehr voraus als einfach nur Sprechen.&#8221;<\/h3>\n<p>Eine auf den ersten Blick sicherlich etwas banale Aussage. So viel sei einger\u00e4umt. Allerdings ist es auch nicht mein Ziel als Philosoph zu gl\u00e4nzen.\u00a0Viele Beziehungen, nicht nur gesch\u00e4ftlicher Natur, scheitern genau daran.\u00a0Als Kind beider Kulturen, der Deutschen &amp; der Griechischen und als Rechtsanwalt sehe ich diese Aussage t\u00e4glich best\u00e4tigt.<\/p>\n<p>Kulturelle Unterschiede werden nicht ber\u00fccksichtigt bzw. untersch\u00e4tzt, obwohl sie besonders ber\u00fccksichtigt geh\u00f6ren, denn gerade diese machen den Unterschied.<\/p>\n<p>Aufgrund meiner deutsch-griechischen Wurzeln bin ich genau der richtige f\u00fcr den Job, da ich auf diese Unterschiede spezialisiert bin![\/vc_column_text][vc_empty_space height=&#8221;35px&#8221;][\/qode_elements_holder_item][qode_elements_holder_item item_padding=&#8221;0 0px 0 25px&#8221; advanced_animations=&#8221;no&#8221; item_padding_600_768=&#8221;50px 0px 0 0px&#8221; item_padding_480=&#8221;50px 0px 0 0px&#8221;][vc_single_image image=&#8221;601&#8243; img_size=&#8221;500&#215;650&#8243; qode_css_animation=&#8221;&#8221;][\/qode_elements_holder_item][\/qode_elements_holder][\/vc_column][\/vc_row]<\/p>\n","protected":false},"excerpt":{"rendered":"<p>[vc_row css_animation=&#8221;&#8221; row_type=&#8221;row&#8221; use_row_as_full_screen_section=&#8221;no&#8221; type=&#8221;grid&#8221; angled_section=&#8221;no&#8221; text_align=&#8221;left&#8221; background_image_as_pattern=&#8221;without_pattern&#8221; css=&#8221;.vc_custom_1509028930887{padding-top: 120px !important;padding-bottom: 90px !important;background-color: #ffffff !important;}&#8221;][vc_column][qode_elements_holder number_of_columns=&#8221;two_columns&#8221; switch_to_one_column=&#8221;1000&#8243;][qode_elements_holder_item item_padding=&#8221;0 25px 0 0&#8243; advanced_animations=&#8221;no&#8221;][vc_single_image image=&#8221;1013&#8243; img_size=&#8221;500&#215;650&#8243; qode_css_animation=&#8221;&#8221;][\/qode_elements_holder_item][qode_elements_holder_item item_padding=&#8221;0 0 100px 25px&#8221; advanced_animations=&#8221;no&#8221; item_padding_1280_1440=&#8221;0 0 70px 25px&#8221; item_padding_1024_1280=&#8221;0 0 15px 25px&#8221; item_padding_600_768=&#8221;40px 0px 0px 0px&#8221; item_padding_480=&#8221;40px 0px 0px&#8230;<\/p>\n","protected":false},"author":1,"featured_media":0,"parent":0,"menu_order":0,"comment_status":"closed","ping_status":"closed","template":"full_width.php","meta":[],"_links":{"self":[{"href":"https:\/\/pp-legal.com\/index.php?rest_route=\/wp\/v2\/pages\/260"}],"collection":[{"href":"https:\/\/pp-legal.com\/index.php?rest_route=\/wp\/v2\/pages"}],"about":[{"href":"https:\/\/pp-legal.com\/index.php?rest_route=\/wp\/v2\/types\/page"}],"author":[{"embeddable":true,"href":"https:\/\/pp-legal.com\/index.php?rest_route=\/wp\/v2\/users\/1"}],"replies":[{"embeddable":true,"href":"https:\/\/pp-legal.com\/index.php?rest_route=%2Fwp%2Fv2%2Fcomments&post=260"}],"version-history":[{"count":48,"href":"https:\/\/pp-legal.com\/index.php?rest_route=\/wp\/v2\/pages\/260\/revisions"}],"predecessor-version":[{"id":1066,"href":"https:\/\/pp-legal.com\/index.php?rest_route=\/wp\/v2\/pages\/260\/revisions\/1066"}],"wp:attachment":[{"href":"https:\/\/pp-legal.com\/index.php?rest_route=%2Fwp%2Fv2%2Fmedia&parent=260"}],"curies":[{"name":"wp","href":"https:\/\/api.w.org\/{rel}","templated":true}]}}