{"id":4,"date":"2017-10-25T10:24:41","date_gmt":"2017-10-25T10:24:41","guid":{"rendered":"http:\/\/bridge99.qodeinteractive.com\/?page_id=4"},"modified":"2020-04-15T17:44:22","modified_gmt":"2020-04-15T17:44:22","slug":"home","status":"publish","type":"page","link":"https:\/\/pp-legal.com\/","title":{"rendered":"Home"},"content":{"rendered":"<p>[vc_row css_animation=&#8221;&#8221; row_type=&#8221;row&#8221; use_row_as_full_screen_section=&#8221;no&#8221; type=&#8221;full_width&#8221; angled_section=&#8221;no&#8221; text_align=&#8221;left&#8221; background_image_as_pattern=&#8221;without_pattern&#8221;][vc_column][rev_slider_vc alias=&#8221;mainhome&#8221;][vc_empty_space][vc_empty_space][vc_column_text]<\/p>\n<h2>Herzlich willkommen bei der Anwaltskanzlei PP-Legal<\/h2>\n<p>&nbsp;<\/p>\n<p>Ihr Ansprechpartner in rechtlichen Fragen rund um die Gastronomie, Handel \u00a0und mehr.<\/p>\n<p>&nbsp;<\/p>\n<p>Klicken Sie sich durch unsere Seite und erfahren Sie, warum wir der richtige Ansprechpartner f\u00fcr Ihr Anliegen sind.[\/vc_column_text][vc_empty_space][\/vc_column][\/vc_row][vc_row css_animation=&#8221;&#8221; row_type=&#8221;row&#8221; use_row_as_full_screen_section=&#8221;no&#8221; type=&#8221;full_width&#8221; angled_section=&#8221;no&#8221; text_align=&#8221;left&#8221; background_image_as_pattern=&#8221;without_pattern&#8221; css=&#8221;.vc_custom_1508940083854{padding-right: 0px !important;padding-left: 0px !important;}&#8221; el_class=&#8221;progress-left-percent&#8221;][vc_column][vc_empty_space][vc_column_text][\/vc_column_text][\/vc_column][\/vc_row][vc_row row_type=&#8221;parallax&#8221; parallax_content_width=&#8221;in_grid&#8221; text_align=&#8221;center&#8221; background_image=&#8221;72&#8243; full_screen_section_height=&#8221;no&#8221;][vc_column][vc_empty_space][vc_row_inner row_type=&#8221;row&#8221; type=&#8221;grid&#8221; text_align=&#8221;center&#8221; css_animation=&#8221;&#8221; css=&#8221;.vc_custom_1509015113850{padding-top: 7% !important;padding-bottom: 6% !important;}&#8221;][vc_column_inner offset=&#8221;vc_col-lg-offset-2 vc_col-lg-8&#8243;][vc_single_image image=&#8221;211&#8243; img_size=&#8221;full&#8221; alignment=&#8221;center&#8221; qode_css_animation=&#8221;&#8221;][vc_column_text css=&#8221;.vc_custom_1585656235650{margin-top: -6% !important;}&#8221;]About PP-Legal&#8230; Was sagen meine Mandanten?[\/vc_column_text]<div class='testimonials_c_holder clearfix light'><div class=\"testimonials_c testimonials_c_carousel\" data-show-navigation=\"yes\" data-animation-speed=\"\" data-auto-rotate-slides=\"5\" data-number-per-slide=\"1\"><ul class=\"slides\"><li id=\"testimonials-c-949\" class=\"testimonial_content\"><div class=\"testimonial_content_inner\"><div class=\"testimonial_text_holder\"><div class=\"testimonial_text_inner\" style=\"color: #666666;\"><p style='font-size:20px;color:#666666;'>Bin wirklich sehr zufrieden. Herr Polychronidis hat sich Zeit f\u00fcr mich genommen und sich um Alles gek\u00fcmmert. Ich muss sagen, er hat nicht zu viel versprochen. Meine Kaution habe ich tats\u00e4chlich vollst\u00e4ndig zur\u00fcckbekommen. Zun\u00e4chst wollte mein Vermieter die gesamte Kaution wegen kleinerer M\u00e4ngel einbehalten. Dazu ist es nicht gekommen \ud83d\ude42<\/p><p class=\"testimonial_author\" style=\"color: #666666;font-weight: 600;color: #080808;font-size: 16px;\">-Arnolnt C.- <\/p><\/div><\/div><\/div><\/li><li id=\"testimonials-c-948\" class=\"testimonial_content\"><div class=\"testimonial_content_inner\"><div class=\"testimonial_text_holder\"><div class=\"testimonial_text_inner\" style=\"color: #666666;\"><p style='font-size:20px;color:#666666;'>Mein Flug in den Urlaub hatte mehrere Stunden Versp\u00e4tung. Ich hatte versucht von der Airline die Entsch\u00e4digung zu bekommen. Keine Chance. Ich sah kein Durchkommen und habe die Angelegenheit an Herrn Polychronidis abgegeben. Beste Idee! Die Entsch\u00e4digung wurde mittlerweile gezahlt und die haben mir sogar die Anwaltskosten erstattet. Echt klasse!<\/p><p class=\"testimonial_author\" style=\"color: #666666;font-weight: 600;color: #080808;font-size: 16px;\">-Asli T.- <\/p><\/div><\/div><\/div><\/li><li id=\"testimonials-c-218\" class=\"testimonial_content\"><div class=\"testimonial_content_inner\"><div class=\"testimonial_text_holder\"><div class=\"testimonial_text_inner\" style=\"color: #666666;\"><p style='font-size:20px;color:#666666;'>Ich hatte bis vor kurzem noch nie einen Anwalt gebraucht. Das \u00e4nderte sich schlagartig. Bin einfach nur froh, von Herrn Polychronidis beraten worden zu sein. Hat sich wirklich f\u00fcr mich eingesetzt und das Beste rausgeholt. Ich kann Herrn Polychronidis zu 100% weiterempfehlen!<\/p><p class=\"testimonial_author\" style=\"color: #666666;font-weight: 600;color: #080808;font-size: 16px;\">-Kai P.- <\/p><\/div><\/div><\/div><\/li><li id=\"testimonials-c-217\" class=\"testimonial_content\"><div class=\"testimonial_content_inner\"><div class=\"testimonial_text_holder\"><div class=\"testimonial_text_inner\" style=\"color: #666666;\"><p style='font-size:20px;color:#666666;'>Kompetent, effektiv und unkompliziert! Mehr kann man sich bei einem Rechtsanwalt wirklich nicht w\u00fcnschen! Rechtsberatung wie sie sein sollte! Vielen herzlichen Dank Herr Polychronidis!<\/p><p class=\"testimonial_author\" style=\"color: #666666;font-weight: 600;color: #080808;font-size: 16px;\">-Lidia P.- <\/p><\/div><\/div><\/div><\/li><li id=\"testimonials-c-216\" class=\"testimonial_content\"><div class=\"testimonial_content_inner\"><div class=\"testimonial_text_holder\"><div class=\"testimonial_text_inner\" style=\"color: #666666;\"><p style='font-size:20px;color:#666666;'>Wir hatten eine gute Idee f\u00fcr eine App und Herr Polychronidis hat uns bei allen rechtlichen Fragen super beraten. Den Gesellschaftervertrag haben wir auf unsere Situation angepasst und uns auch f\u00fcr die Zukunft gut abgesichert. Wir haben jetzt Zeit f\u00fcr das Wesentliche. Bleibt auf jeden Fall unser Ansprechpartner Nr. 1. Danke!<\/p><p class=\"testimonial_author\" style=\"color: #666666;font-weight: 600;color: #080808;font-size: 16px;\">-Julian E.- <\/p><\/div><\/div><\/div><\/li><li id=\"testimonials-c-209\" class=\"testimonial_content\"><div class=\"testimonial_content_inner\"><div class=\"testimonial_text_holder\"><div class=\"testimonial_text_inner\" style=\"color: #666666;\"><p style='font-size:20px;color:#666666;'>Ich habe ein kleines Restaurant und hatte st\u00e4ndig Stress mit dem Vermieter. Herr Polychronidis hat sich den Mietvertrag angesehen und dem Vermieter geschrieben. Seitdem habe ich Ruhe.<\/p><p class=\"testimonial_author\" style=\"color: #666666;font-weight: 600;color: #080808;font-size: 16px;\">-Theodor B.-<\/p><\/div><\/div><\/div><\/li><\/ul><\/div><\/div>[vc_empty_space height=&#8221;30px&#8221;][vc_empty_space height=&#8221;30px&#8221;][vc_empty_space height=&#8221;30px&#8221;][\/vc_column_inner][\/vc_row_inner][\/vc_column][\/vc_row][vc_row css_animation=&#8221;&#8221; row_type=&#8221;row&#8221; use_row_as_full_screen_section=&#8221;no&#8221; type=&#8221;full_width&#8221; angled_section=&#8221;no&#8221; text_align=&#8221;left&#8221; background_image_as_pattern=&#8221;without_pattern&#8221;][vc_column]<div class=\"q_image_with_text_over\"><div class=\"shader\" ><\/div><img itemprop=\"image\" src=\"https:\/\/pp-legal.com\/wp-content\/uploads\/2020\/04\/IMG_3982.jpg\" alt=\"\" \/><div class=\"text\"><table><tr><td><h3 class=\"caption no_icon\" style=\"\"><\/h3><\/td><\/tr><\/table><table><tr><td><div class=\"desc\"><\/div><\/td><\/tr><\/table><\/div><\/div>[vc_empty_space][vc_empty_space][vc_column_text]<\/p>\n<h2><\/h2>\n<h2>Warum gerade PP-Legal?<\/h2>\n<h2><\/h2>\n<p>&nbsp;<\/p>\n<p>&nbsp;<\/p>\n<h3>\u2026.weil PP-Legal Theorie und Praxis vereint!<\/h3>\n<p>&nbsp;<\/p>\n<p>&nbsp;<\/p>\n<p>Wie Sie meinem Lebenslauf entnehmen k\u00f6nnen bin ich selbst praktisch sozusagen in der Gastronomie gro\u00df geworden und habe Zeit meines Studiums in der Gastronomie gearbeitet. Man kann wirklich sagen, die Gastronomie hat mir das Studium finanziert.<\/p>\n<p>&nbsp;<\/p>\n<p>Auch nach meinem Studium und dem Referendariat habe ich zun\u00e4chst in der (System-)Gastronomie Erfahrung in F\u00fchrungspositionen gesammelt. Erfahrungen, welche in keinem Lehrbuch zu finden sind.\u00a0Diese praktische Erfahrung wird bei PP-Legal mit Wissen aus dem Studium der Rechtswissenschaften und dem juristischen Referendariat (Theorie) vereint.<\/p>\n<p>&nbsp;<\/p>\n<p>&nbsp;<\/p>\n<p>Mein Team und Ich sind damit in der Lage Sie und Ihre Anliegen rechtlich umfassend zu betreuen, praktische L\u00f6sungen zu finden und erstklassige Beratung zu bieten.[\/vc_column_text][vc_empty_space][vc_empty_space][vc_empty_space][\/vc_column][\/vc_row]<\/p>\n","protected":false},"excerpt":{"rendered":"<p>[vc_row css_animation=&#8221;&#8221; row_type=&#8221;row&#8221; use_row_as_full_screen_section=&#8221;no&#8221; type=&#8221;full_width&#8221; angled_section=&#8221;no&#8221; text_align=&#8221;left&#8221; background_image_as_pattern=&#8221;without_pattern&#8221;][vc_column][rev_slider_vc alias=&#8221;mainhome&#8221;][vc_empty_space][vc_empty_space][vc_column_text] Herzlich willkommen bei der Anwaltskanzlei PP-Legal &nbsp; Ihr Ansprechpartner in rechtlichen Fragen rund um die Gastronomie, Handel \u00a0und mehr. &nbsp; Klicken Sie sich durch unsere Seite und erfahren Sie, warum wir der richtige Ansprechpartner f\u00fcr Ihr&#8230;<\/p>\n","protected":false},"author":1,"featured_media":582,"parent":0,"menu_order":0,"comment_status":"closed","ping_status":"closed","template":"full_width.php","meta":[],"_links":{"self":[{"href":"https:\/\/pp-legal.com\/index.php?rest_route=\/wp\/v2\/pages\/4"}],"collection":[{"href":"https:\/\/pp-legal.com\/index.php?rest_route=\/wp\/v2\/pages"}],"about":[{"href":"https:\/\/pp-legal.com\/index.php?rest_route=\/wp\/v2\/types\/page"}],"author":[{"embeddable":true,"href":"https:\/\/pp-legal.com\/index.php?rest_route=\/wp\/v2\/users\/1"}],"replies":[{"embeddable":true,"href":"https:\/\/pp-legal.com\/index.php?rest_route=%2Fwp%2Fv2%2Fcomments&post=4"}],"version-history":[{"count":43,"href":"https:\/\/pp-legal.com\/index.php?rest_route=\/wp\/v2\/pages\/4\/revisions"}],"predecessor-version":[{"id":1060,"href":"https:\/\/pp-legal.com\/index.php?rest_route=\/wp\/v2\/pages\/4\/revisions\/1060"}],"wp:featuredmedia":[{"embeddable":true,"href":"https:\/\/pp-legal.com\/index.php?rest_route=\/wp\/v2\/media\/582"}],"wp:attachment":[{"href":"https:\/\/pp-legal.com\/index.php?rest_route=%2Fwp%2Fv2%2Fmedia&parent=4"}],"curies":[{"name":"wp","href":"https:\/\/api.w.org\/{rel}","templated":true}]}}