{"id":878,"date":"2020-04-13T20:01:28","date_gmt":"2020-04-13T20:01:28","guid":{"rendered":"http:\/\/pp-legal.com\/?page_id=878"},"modified":"2020-04-15T15:43:33","modified_gmt":"2020-04-15T15:43:33","slug":"arbeitsrecht-2","status":"publish","type":"page","link":"https:\/\/pp-legal.com\/?page_id=878","title":{"rendered":"Arbeitsrecht"},"content":{"rendered":"<h2><strong>Arbeitsrecht<\/strong><\/h2>\n<p>&nbsp;<\/p>\n<p>&nbsp;<\/p>\n<p>Das Arbeitsrecht als solches umfasst eine Vielzahl von rechtlichen Thematiken und ist derart Facettenreich, wie das Arbeitsleben selbst.<\/p>\n<p>&nbsp;<\/p>\n<p>Bezeichnend ist hierbei, dass ein einheitliches Arbeitsgesetzbuch, wie man es sich vorstellen w\u00fcrde, nicht existiert. Kodifizierungsversuche sind bislang erfolglos geblieben. Diese Splitterung erschwert ein breites Aufstellen im Bereich Arbeitsrecht, zumindest l\u00e4sst es an der Qualit\u00e4t der rechtlichen Beratung zweifeln.<\/p>\n<p>&nbsp;<\/p>\n<p>Daher ist es umso wichtiger, dass sich Ihr Ansprechpartner im Arbeitsrecht bestens im Bereich der Gastronomie und auch des Handels auskennt.<\/p>\n<p>&nbsp;<\/p>\n<p>Dass sich der Arbeitsvertrag eines Hilfskochs oder eines Lagerarbeiters entscheidend von dem eines Bauingenieurs unterscheidet, liegt auf der Hand.<\/p>\n<p>&nbsp;<\/p>\n<p>Zu unseren Mandanten z\u00e4hlen wir bereits jetzt eine Vielzahl von Gastronomen und Einzelh\u00e4ndlern, die genau von unseren Erfahrungen und Wissen profitieren.<\/p>\n<p>&nbsp;<\/p>\n<p>&nbsp;<\/p>\n<p><strong>PP-Legal ist spezialisiert auf:<\/strong><\/p>\n<p>&nbsp;<\/p>\n<p>&nbsp;<\/p>\n<ul>\n<li><strong>Rechtliche \u00dcberpr\u00fcfung bestehender Arbeitsvertr\u00e4ge<\/strong><\/li>\n<li><strong>Erstellung neuer \u2013 positionsspezifischer \u2013 Arbeitsvertr\u00e4ge<\/strong><\/li>\n<li><strong>Arbeitszeugnisse<\/strong><\/li>\n<li><strong>Mutterschutz in der Gastronomie<\/strong><\/li>\n<li><strong>Tarifvertr\u00e4ge<\/strong><\/li>\n<li><strong>Haftung des Arbeitgebers und Arbeitnehmers<\/strong><\/li>\n<li><strong>F\u00fcrsorgepflichten<\/strong><\/li>\n<li><strong>K\u00fcndigungen und K\u00fcndigungsschutzklagen<\/strong><\/li>\n<li><strong>Statusklagen<\/strong><\/li>\n<li><strong>Arbeitsunf\u00e4lle<\/strong><\/li>\n<\/ul>\n<p>&nbsp;<\/p>\n<p>&nbsp;<\/p>\n","protected":false},"excerpt":{"rendered":"<p>Arbeitsrecht &nbsp; &nbsp; Das Arbeitsrecht als solches umfasst eine Vielzahl von rechtlichen Thematiken und ist derart Facettenreich, wie das Arbeitsleben selbst. &nbsp; Bezeichnend ist hierbei, dass ein einheitliches Arbeitsgesetzbuch, wie man es sich vorstellen w\u00fcrde, nicht existiert. Kodifizierungsversuche sind bislang erfolglos geblieben. Diese Splitterung erschwert&#8230;<\/p>\n","protected":false},"author":2,"featured_media":0,"parent":332,"menu_order":0,"comment_status":"closed","ping_status":"closed","template":"","meta":[],"_links":{"self":[{"href":"https:\/\/pp-legal.com\/index.php?rest_route=\/wp\/v2\/pages\/878"}],"collection":[{"href":"https:\/\/pp-legal.com\/index.php?rest_route=\/wp\/v2\/pages"}],"about":[{"href":"https:\/\/pp-legal.com\/index.php?rest_route=\/wp\/v2\/types\/page"}],"author":[{"embeddable":true,"href":"https:\/\/pp-legal.com\/index.php?rest_route=\/wp\/v2\/users\/2"}],"replies":[{"embeddable":true,"href":"https:\/\/pp-legal.com\/index.php?rest_route=%2Fwp%2Fv2%2Fcomments&post=878"}],"version-history":[{"count":6,"href":"https:\/\/pp-legal.com\/index.php?rest_route=\/wp\/v2\/pages\/878\/revisions"}],"predecessor-version":[{"id":1002,"href":"https:\/\/pp-legal.com\/index.php?rest_route=\/wp\/v2\/pages\/878\/revisions\/1002"}],"up":[{"embeddable":true,"href":"https:\/\/pp-legal.com\/index.php?rest_route=\/wp\/v2\/pages\/332"}],"wp:attachment":[{"href":"https:\/\/pp-legal.com\/index.php?rest_route=%2Fwp%2Fv2%2Fmedia&parent=878"}],"curies":[{"name":"wp","href":"https:\/\/api.w.org\/{rel}","templated":true}]}}