{"id":887,"date":"2020-04-13T20:13:39","date_gmt":"2020-04-13T20:13:39","guid":{"rendered":"http:\/\/pp-legal.com\/?page_id=887"},"modified":"2020-04-15T15:47:15","modified_gmt":"2020-04-15T15:47:15","slug":"offentliches-recht-2","status":"publish","type":"page","link":"https:\/\/pp-legal.com\/?page_id=887","title":{"rendered":"\u00d6ffentliches Recht"},"content":{"rendered":"<p>[vc_row css_animation=&#8221;&#8221; row_type=&#8221;row&#8221; use_row_as_full_screen_section=&#8221;no&#8221; type=&#8221;full_width&#8221; angled_section=&#8221;no&#8221; text_align=&#8221;left&#8221; background_image_as_pattern=&#8221;without_pattern&#8221;][vc_column][vc_empty_space][vc_column_text]<\/p>\n<h2><strong>\u00d6ffentliches Recht<\/strong><\/h2>\n<p>&nbsp;<\/p>\n<p>&nbsp;<\/p>\n<p>Ein zentrales Feld unserer T\u00e4tigkeit liegt bei der Unterst\u00fctzung in \u00f6ffentlich-rechtlichen, genauer gesagt in verwaltungsrechtlichen, Anliegen und Fragen.<\/p>\n<p>&nbsp;<\/p>\n<p>Gern beraten wir Sie im Hinblick auf einzuholende Genehmigungen f\u00fcr den (Fort-) Betrieb Ihres Gesch\u00e4fts. Auch stehen wir Ihnen zur Seite, wenn die \u00f6ffentliche Hand ordnungsbeh\u00f6rdlich gegen Sie vorgeht oder Ihnen Leistungen bzw. Genehmigungen verwehrt.<\/p>\n<p>&nbsp;<\/p>\n<p>&nbsp;<\/p>\n<p><strong>\u00a0PP-Legal ist spezialisiert auf: <\/strong><\/p>\n<p><strong>\u00a0<\/strong><\/p>\n<p>&nbsp;<\/p>\n<ul>\n<li><strong>Beratung<\/strong><\/li>\n<li><strong>Leistungspr\u00fcfung<\/strong><\/li>\n<li><strong>Antragsstellung<\/strong><\/li>\n<li><strong>Vertretung bei Konflikten <\/strong><\/li>\n<li><strong>Verteidigung gegen ordnungsbeh\u00f6rdliche Verf\u00fcgungen<\/strong><\/li>\n<\/ul>\n<p>&nbsp;<\/p>\n<p>[\/vc_column_text][vc_empty_space][\/vc_column][\/vc_row]<\/p>\n","protected":false},"excerpt":{"rendered":"<p>[vc_row css_animation=&#8221;&#8221; row_type=&#8221;row&#8221; use_row_as_full_screen_section=&#8221;no&#8221; type=&#8221;full_width&#8221; angled_section=&#8221;no&#8221; text_align=&#8221;left&#8221; background_image_as_pattern=&#8221;without_pattern&#8221;][vc_column][vc_empty_space][vc_column_text] \u00d6ffentliches Recht &nbsp; &nbsp; Ein zentrales Feld unserer T\u00e4tigkeit liegt bei der Unterst\u00fctzung in \u00f6ffentlich-rechtlichen, genauer gesagt in verwaltungsrechtlichen, Anliegen und Fragen. &nbsp; Gern beraten wir Sie im Hinblick auf einzuholende Genehmigungen f\u00fcr den (Fort-) Betrieb Ihres&#8230;<\/p>\n","protected":false},"author":2,"featured_media":0,"parent":332,"menu_order":0,"comment_status":"closed","ping_status":"closed","template":"","meta":[],"_links":{"self":[{"href":"https:\/\/pp-legal.com\/index.php?rest_route=\/wp\/v2\/pages\/887"}],"collection":[{"href":"https:\/\/pp-legal.com\/index.php?rest_route=\/wp\/v2\/pages"}],"about":[{"href":"https:\/\/pp-legal.com\/index.php?rest_route=\/wp\/v2\/types\/page"}],"author":[{"embeddable":true,"href":"https:\/\/pp-legal.com\/index.php?rest_route=\/wp\/v2\/users\/2"}],"replies":[{"embeddable":true,"href":"https:\/\/pp-legal.com\/index.php?rest_route=%2Fwp%2Fv2%2Fcomments&post=887"}],"version-history":[{"count":4,"href":"https:\/\/pp-legal.com\/index.php?rest_route=\/wp\/v2\/pages\/887\/revisions"}],"predecessor-version":[{"id":1007,"href":"https:\/\/pp-legal.com\/index.php?rest_route=\/wp\/v2\/pages\/887\/revisions\/1007"}],"up":[{"embeddable":true,"href":"https:\/\/pp-legal.com\/index.php?rest_route=\/wp\/v2\/pages\/332"}],"wp:attachment":[{"href":"https:\/\/pp-legal.com\/index.php?rest_route=%2Fwp%2Fv2%2Fmedia&parent=887"}],"curies":[{"name":"wp","href":"https:\/\/api.w.org\/{rel}","templated":true}]}}