{"id":890,"date":"2020-04-13T20:19:55","date_gmt":"2020-04-13T20:19:55","guid":{"rendered":"http:\/\/pp-legal.com\/?page_id=890"},"modified":"2020-04-13T20:20:04","modified_gmt":"2020-04-13T20:20:04","slug":"alltagsstreitigkeiten-2","status":"publish","type":"page","link":"https:\/\/pp-legal.com\/?page_id=890","title":{"rendered":"Alltagsstreitigkeiten"},"content":{"rendered":"<h2><\/h2>\n<h2><strong>Alltagsstreitigkeiten<\/strong><\/h2>\n<p>&nbsp;<\/p>\n<p>&nbsp;<\/p>\n<p>Ob der morgendliche Br\u00f6tchenkauf oder die Kleidung zur Reinigung bringen, wir schlie\u00dfen t\u00e4glich eine Vielzahl von Vertr\u00e4gen. Zumeist werden die Vertr\u00e4ge in gleichen Moment \u2013 problemfrei \u2013 abgewickelt. Sie Zahlen den Kaufpreis f\u00fcr die Br\u00f6tchen und erhalten diese im Gegenzug ausgeh\u00e4ndigt. Wenn die Br\u00f6tchen dann auch noch frisch sind und schmecken, umso besser.<\/p>\n<p>&nbsp;<\/p>\n<p>Soweit, so gut. Tats\u00e4chlich kommt es jedoch immer wieder zu Streitigkeiten, zumeist, wenn die Leistung mangelbehaftet ist. Im Br\u00f6tchen-Beispiel mag die Beauftragung eines Rechtsanwalts mitunter \u00fcbertrieben sein. Anders sieht es da beim Kauf eines neuen Fernsehers aus.<\/p>\n<p>&nbsp;<\/p>\n<p>&nbsp;<\/p>\n<p><strong>Wir beraten Sie gern in solchen allt\u00e4glichen Angelegenheiten aus den Gebieten des <\/strong><\/p>\n<p><strong>\u00a0<\/strong><\/p>\n<ul>\n<li><strong>Kaufrechts (Kaufvertrag),<\/strong><\/li>\n<li><strong>Werkrechts (Werkvertrag),<\/strong><\/li>\n<li><strong>Mietrechts (Mietvertrag),<\/strong><\/li>\n<li><strong>Dienstrechts (Dienstvertrag),<\/strong><\/li>\n<li><strong>und Reiserechts (Reisevertrag),<\/strong><\/li>\n<\/ul>\n<p>&nbsp;<\/p>\n<p>&nbsp;<\/p>\n<p>sowie bei Flugversp\u00e4tungsangelegenheiten bzw. bei Entsch\u00e4digungsanspr\u00fcchen wegen Flugversp\u00e4tungen oder Flugausfall nach der Fluggastrechteverordnung der Europ\u00e4ischen Union [Verordnung (EG) Nr. 261\/2004].<\/p>\n<p>&nbsp;<\/p>\n<p>&nbsp;<\/p>\n<p>&nbsp;<\/p>\n","protected":false},"excerpt":{"rendered":"<p>Alltagsstreitigkeiten &nbsp; &nbsp; Ob der morgendliche Br\u00f6tchenkauf oder die Kleidung zur Reinigung bringen, wir schlie\u00dfen t\u00e4glich eine Vielzahl von Vertr\u00e4gen. Zumeist werden die Vertr\u00e4ge in gleichen Moment \u2013 problemfrei \u2013 abgewickelt. Sie Zahlen den Kaufpreis f\u00fcr die Br\u00f6tchen und erhalten diese im Gegenzug ausgeh\u00e4ndigt. Wenn&#8230;<\/p>\n","protected":false},"author":2,"featured_media":0,"parent":332,"menu_order":0,"comment_status":"closed","ping_status":"closed","template":"","meta":[],"_links":{"self":[{"href":"https:\/\/pp-legal.com\/index.php?rest_route=\/wp\/v2\/pages\/890"}],"collection":[{"href":"https:\/\/pp-legal.com\/index.php?rest_route=\/wp\/v2\/pages"}],"about":[{"href":"https:\/\/pp-legal.com\/index.php?rest_route=\/wp\/v2\/types\/page"}],"author":[{"embeddable":true,"href":"https:\/\/pp-legal.com\/index.php?rest_route=\/wp\/v2\/users\/2"}],"replies":[{"embeddable":true,"href":"https:\/\/pp-legal.com\/index.php?rest_route=%2Fwp%2Fv2%2Fcomments&post=890"}],"version-history":[{"count":1,"href":"https:\/\/pp-legal.com\/index.php?rest_route=\/wp\/v2\/pages\/890\/revisions"}],"predecessor-version":[{"id":891,"href":"https:\/\/pp-legal.com\/index.php?rest_route=\/wp\/v2\/pages\/890\/revisions\/891"}],"up":[{"embeddable":true,"href":"https:\/\/pp-legal.com\/index.php?rest_route=\/wp\/v2\/pages\/332"}],"wp:attachment":[{"href":"https:\/\/pp-legal.com\/index.php?rest_route=%2Fwp%2Fv2%2Fmedia&parent=890"}],"curies":[{"name":"wp","href":"https:\/\/api.w.org\/{rel}","templated":true}]}}